{"id":20,"date":"2017-06-18T21:21:11","date_gmt":"2017-06-18T19:21:11","guid":{"rendered":"http:\/\/sf-energie.ch\/?page_id=20"},"modified":"2021-05-21T10:57:34","modified_gmt":"2021-05-21T08:57:34","slug":"firma","status":"publish","type":"page","link":"https:\/\/sf-energie.ch\/index.php\/firma\/","title":{"rendered":"Firma"},"content":{"rendered":"<div id=\"pl-20\"  class=\"panel-layout\" ><div id=\"pg-20-0\"  class=\"panel-grid panel-has-style\" ><div class=\"siteorigin-panels-stretch panel-row-style panel-row-style-for-20-0\" data-stretch-type=\"full-stretched\" ><div id=\"pgc-20-0-0\"  class=\"panel-grid-cell\" ><div id=\"panel-20-0-0-0\" class=\"so-panel widget widget_sow-hero panel-first-child panel-last-child\" data-index=\"0\" ><div\n\t\t\t\n\t\t\tclass=\"so-widget-sow-hero so-widget-sow-hero-default-6e283e92799f-20 so-widget-fittext-wrapper\"\n\t\t\t data-fit-text-compressor=\"0.85\"\n\t\t>\t\t\t\t<div class=\"sow-slider-base\" style=\"display: none\" tabindex=\"0\">\n\t\t\t\t\t<ul\n\t\t\t\t\tclass=\"sow-slider-images\"\n\t\t\t\t\tdata-settings=\"{&quot;pagination&quot;:true,&quot;speed&quot;:800,&quot;timeout&quot;:8000,&quot;paused&quot;:false,&quot;pause_on_hover&quot;:false,&quot;swipe&quot;:true,&quot;nav_always_show_desktop&quot;:&quot;&quot;,&quot;nav_always_show_mobile&quot;:&quot;&quot;,&quot;breakpoint&quot;:&quot;780px&quot;,&quot;unmute&quot;:false,&quot;anchor&quot;:null}\"\n\t\t\t\t\t\t\t\t\t\tdata-anchor-id=\"\"\n\t\t\t\t>\t\t<li class=\"sow-slider-image  sow-slider-image-cover\" style=\"visibility: visible;;background-color: #333333;background-image: url(https:\/\/sf-energie.ch\/wp-content\/uploads\/2017\/06\/D3S_0425.jpg)\" >\n\t\t\t\t\t<div class=\"sow-slider-image-container\">\n\t\t\t<div class=\"sow-slider-image-wrapper\">\n\t\t\t\t<p>&nbsp;<\/p>\n<p>&nbsp;<\/p>\n<p>&nbsp;<\/p>\n<p>&nbsp;<\/p>\n<p>&nbsp;<\/p>\n\t\t\t<\/div>\n\t\t<\/div>\n\t\t\t\t<\/li>\n\t\t<\/ul>\t\t\t\t<ol class=\"sow-slider-pagination\">\n\t\t\t\t\t\t\t\t\t\t\t<li><a href=\"#\" data-goto=\"0\" aria-label=\"display slide 1\"><\/a><\/li>\n\t\t\t\t\t\t\t\t\t<\/ol>\n\n\t\t\t\t<div class=\"sow-slide-nav sow-slide-nav-next\">\n\t\t\t\t\t<a href=\"#\" data-goto=\"next\" aria-label=\"next slide\" data-action=\"next\">\n\t\t\t\t\t\t<em class=\"sow-sld-icon-thin-right\"><\/em>\n\t\t\t\t\t<\/a>\n\t\t\t\t<\/div>\n\n\t\t\t\t<div class=\"sow-slide-nav sow-slide-nav-prev\">\n\t\t\t\t\t<a href=\"#\" data-goto=\"previous\" aria-label=\"previous slide\" data-action=\"prev\">\n\t\t\t\t\t\t<em class=\"sow-sld-icon-thin-left\"><\/em>\n\t\t\t\t\t<\/a>\n\t\t\t\t<\/div>\n\t\t\t\t<\/div><\/div><\/div><\/div><\/div><\/div><div id=\"pg-20-1\"  class=\"panel-grid panel-has-style\" ><div class=\"panel-row-style panel-row-style-for-20-1\" ><div id=\"pgc-20-1-0\"  class=\"panel-grid-cell\" ><div id=\"panel-20-1-0-0\" class=\"so-panel widget widget_sow-image panel-first-child panel-last-child\" data-index=\"1\" ><div\n\t\t\t\n\t\t\tclass=\"so-widget-sow-image so-widget-sow-image-default-8b5b6f678277-20\"\n\t\t\t\n\t\t>\n\n<div class=\"sow-image-container\">\n\t\t<img src=\"https:\/\/sf-energie.ch\/wp-content\/uploads\/2021\/05\/SFR-Portrait-f.jpg\" width=\"3140\" height=\"4710\" srcset=\"https:\/\/sf-energie.ch\/wp-content\/uploads\/2021\/05\/SFR-Portrait-f.jpg 3140w, https:\/\/sf-energie.ch\/wp-content\/uploads\/2021\/05\/SFR-Portrait-f-200x300.jpg 200w, https:\/\/sf-energie.ch\/wp-content\/uploads\/2021\/05\/SFR-Portrait-f-768x1152.jpg 768w, https:\/\/sf-energie.ch\/wp-content\/uploads\/2021\/05\/SFR-Portrait-f-683x1024.jpg 683w\" sizes=\"(max-width: 3140px) 100vw, 3140px\" title=\"SFR Portrait f\" alt=\"\" loading=\"lazy\" \t\tclass=\"so-widget-image\"\/>\n\t<\/div>\n\n<\/div><\/div><\/div><div id=\"pgc-20-1-1\"  class=\"panel-grid-cell\" ><div id=\"panel-20-1-1-0\" class=\"so-panel widget widget_sow-editor panel-first-child\" data-index=\"2\" ><div\n\t\t\t\n\t\t\tclass=\"so-widget-sow-editor so-widget-sow-editor-base\"\n\t\t\t\n\t\t>\n<div class=\"siteorigin-widget-tinymce textwidget\">\n\t<h1>Firma<\/h1>\n<\/div>\n<\/div><\/div><div id=\"panel-20-1-1-1\" class=\"so-panel widget widget_sow-editor\" data-index=\"3\" ><div\n\t\t\t\n\t\t\tclass=\"so-widget-sow-editor so-widget-sow-editor-base\"\n\t\t\t\n\t\t>\n<div class=\"siteorigin-widget-tinymce textwidget\">\n\t<p>Die <span style=\"color: #dd3333;\"><strong>SF Energie<\/strong><\/span> wurde 2007 als Einzelfirma von Stefan Fritschi gegr\u00fcndet. Die Firma wurde 2010 in die SF Energie AG gewandelt mit Sitz in Wetzikon ZH. Wir bearbeiten und Planen Projekte im industriellen Bereich vorwiegend f\u00fcr Bauherren die f\u00fcr ihre eigene Nutzung bauen und realisieren.<\/p>\n<p>In Zusammenarbeit mit ausgew\u00e4hlten Partner sind wir in der Lage kleinste Anlagen zu planen und auch Projekte im Umfang von mehreren Millionen.<\/p>\n<p>Unser St\u00e4rken liegen in der Planung von Umbau und Erweiterungsprojekten. Der Ersatz von Versorgungsanlagen wie Heizungszentralen, K\u00e4lteversorgungen w\u00e4hrend laufendem Betrieb konnten schon mehrfach realisiert werden.<\/p>\n<p>Konzeptionelle Unterst\u00fctzung bei der Planung von Nahrungsmittel Produktionslinien und Zweitmeinungen zu bestehenden Konzepten ist eine weitere St\u00e4rke der <span style=\"color: #dd3333;\"><strong>SF Energie AG<\/strong><\/span>.<\/p>\n<\/div>\n<\/div><\/div><div id=\"panel-20-1-1-2\" class=\"so-panel widget widget_sow-editor panel-last-child\" data-index=\"4\" ><div\n\t\t\t\n\t\t\tclass=\"so-widget-sow-editor so-widget-sow-editor-base\"\n\t\t\t\n\t\t>\n<div class=\"siteorigin-widget-tinymce textwidget\">\n\t<h5>Stefan fritschi<\/h5>\n<p><span style=\"color: #ff0000;\"><em>Gesch\u00e4ftsleiter und Inhaber<\/em><\/span><\/p>\n<p><strong>Ausbildung und Erfahrung<\/strong><br \/> Vor der SF Energie AG war Stefan Fritschi \u00fcber 10 Jahre Fachbereichsleiter und \u00fcber 3 Jahre Gesch\u00e4ftsleiter eines namhaften Ingenieurb\u00fcros in Z\u00fcrich. Als Projektleiter von vielen Projekten in der Nahrungsmittelindustrie und im Reinraumbereich konnte er eine breite Fachkompetenz erarbeiten.<br \/> Mit der Grundausbildung als Klimaplaner HF und den Zusatzausbildungen zum Energieingenieur FH\/NDS ist eine hohe Kompetenz gesichert.<\/p>\n<\/div>\n<\/div><\/div><\/div><\/div><\/div><div id=\"pg-20-2\"  class=\"panel-grid panel-has-style\" ><div class=\"footer siteorigin-panels-stretch panel-row-style panel-row-style-for-20-2\" id=\"footer\" data-stretch-type=\"full\" ><div id=\"pgc-20-2-0\"  class=\"panel-grid-cell\" ><div id=\"panel-20-2-0-0\" class=\"so-panel widget widget_sow-editor panel-first-child panel-last-child\" data-index=\"5\" ><div\n\t\t\t\n\t\t\tclass=\"so-widget-sow-editor so-widget-sow-editor-base\"\n\t\t\t\n\t\t>\n<div class=\"siteorigin-widget-tinymce textwidget\">\n\t<p style=\"float: left;\"><span style=\"color: #ffffff;\"><strong>\u00a9 SF Energie AG 2020<br \/>\n<\/strong><a href=\"http:\/\/sf-energie.ch\/index.php\/impressum\/\">Impressum<\/a><\/span><\/p>\n<p style=\"float: right;\"><span style=\"color: #ffffff;\"><strong>Design<\/strong><\/span><br \/>\n<span style=\"color: #ffffff;\"><a href=\"https:\/\/yannickbach.ch\" target=\"_blank\">Yannick Bach<\/a><\/span><\/p>\n<\/div>\n<\/div><\/div><\/div><\/div><\/div><\/div>","protected":false},"excerpt":{"rendered":"<p>Firma Die SF Energie wurde 2007 als Einzelfirma von Stefan Fritschi gegr\u00fcndet. Die Firma wurde 2010 in die SF Energie AG gewandelt mit Sitz in Wetzikon ZH. Wir bearbeiten und &#8230;<\/p>\n","protected":false},"author":1,"featured_media":0,"parent":0,"menu_order":0,"comment_status":"closed","ping_status":"closed","template":"","meta":{"footnotes":""},"_links":{"self":[{"href":"https:\/\/sf-energie.ch\/index.php\/wp-json\/wp\/v2\/pages\/20"}],"collection":[{"href":"https:\/\/sf-energie.ch\/index.php\/wp-json\/wp\/v2\/pages"}],"about":[{"href":"https:\/\/sf-energie.ch\/index.php\/wp-json\/wp\/v2\/types\/page"}],"author":[{"embeddable":true,"href":"https:\/\/sf-energie.ch\/index.php\/wp-json\/wp\/v2\/users\/1"}],"replies":[{"embeddable":true,"href":"https:\/\/sf-energie.ch\/index.php\/wp-json\/wp\/v2\/comments?post=20"}],"version-history":[{"count":85,"href":"https:\/\/sf-energie.ch\/index.php\/wp-json\/wp\/v2\/pages\/20\/revisions"}],"predecessor-version":[{"id":410,"href":"https:\/\/sf-energie.ch\/index.php\/wp-json\/wp\/v2\/pages\/20\/revisions\/410"}],"wp:attachment":[{"href":"https:\/\/sf-energie.ch\/index.php\/wp-json\/wp\/v2\/media?parent=20"}],"curies":[{"name":"wp","href":"https:\/\/api.w.org\/{rel}","templated":true}]}}